{"id":20462,"date":"2024-11-14T19:20:47","date_gmt":"2024-11-14T22:20:47","guid":{"rendered":"https:\/\/integrandosalud.com\/home\/?page_id=20462"},"modified":"2025-04-25T17:29:01","modified_gmt":"2025-04-25T20:29:01","slug":"recetas-digitales","status":"publish","type":"page","link":"https:\/\/integrandosalud.com\/home\/recetas-digitales\/","title":{"rendered":"Recetas Digitales"},"content":{"rendered":"\t\t<div data-elementor-type=\"wp-page\" data-elementor-id=\"20462\" class=\"elementor elementor-20462\" data-elementor-post-type=\"page\">\n\t\t\t\t<div class=\"elementor-element elementor-element-f1cdf54 e-flex e-con-boxed e-con e-parent\" data-id=\"f1cdf54\" data-element_type=\"container\" data-e-type=\"container\">\n\t\t\t\t\t<div class=\"e-con-inner\">\n\t\t\t\t<div class=\"elementor-element elementor-element-d9348aa elementor-widget__width-inherit elementor-widget elementor-widget-heading\" data-id=\"d9348aa\" data-element_type=\"widget\" data-e-type=\"widget\" data-widget_type=\"heading.default\">\n\t\t\t\t<div class=\"elementor-widget-container\">\n\t\t\t\t\t<h2 class=\"elementor-heading-title elementor-size-default\">Recetas Digitales<\/h2>\t\t\t\t<\/div>\n\t\t\t\t<\/div>\n\t\t\t\t\t<\/div>\n\t\t\t\t<\/div>\n\t\t<div class=\"elementor-element elementor-element-988ff87 e-flex e-con-boxed e-con e-parent\" data-id=\"988ff87\" data-element_type=\"container\" data-e-type=\"container\">\n\t\t\t\t\t<div class=\"e-con-inner\">\n\t\t\t\t<div class=\"elementor-element elementor-element-71ee6ed elementor-widget elementor-widget-text-editor\" data-id=\"71ee6ed\" data-element_type=\"widget\" data-e-type=\"widget\" data-widget_type=\"text-editor.default\">\n\t\t\t\t<div class=\"elementor-widget-container\">\n\t\t\t\t\t\t\t\t\t<p><span style=\"white-space-collapse: preserve; color: #000000;\">Desde el 1 de julio, la receta electr\u00f3nica es obligatoria en todo el pa\u00eds, seg\u00fan el Decreto N\u00b0345\/2024 del Ministerio de Salud. En Integrando Salud nos adelantamos y ya estamos totalmente preparados para esta nueva era de la medicina digital.<\/span><\/p><h3><span style=\"white-space-collapse: preserve;\">Facilitamos el proceso con Recetas Electr\u00f3nicas.<\/span><\/h3><p><span style=\"white-space-collapse: preserve; color: #000000;\">Cumplimos con la Ley 27.553, permitiendo la prescripci\u00f3n y dispensa de medicamentos de forma electr\u00f3nica en todo el territorio nacional. Adem\u00e1s, nuestras recetas digitales son v\u00e1lidas en todas las farmacias del pa\u00eds, gracias a firmas electr\u00f3nicas seguras.<\/span><\/p>\t\t\t\t\t\t\t\t<\/div>\n\t\t\t\t<\/div>\n\t\t\t\t\t<\/div>\n\t\t\t\t<\/div>\n\t\t<div class=\"elementor-element elementor-element-ffc9c96 e-grid e-con-boxed e-con e-parent\" data-id=\"ffc9c96\" data-element_type=\"container\" data-e-type=\"container\" data-settings=\"{&quot;background_background&quot;:&quot;classic&quot;}\">\n\t\t\t\t\t<div class=\"e-con-inner\">\n\t\t\t\t<div class=\"elementor-element elementor-element-b3afbc3 elementor-widget elementor-widget-video\" data-id=\"b3afbc3\" data-element_type=\"widget\" data-e-type=\"widget\" data-settings=\"{&quot;video_type&quot;:&quot;hosted&quot;,&quot;autoplay&quot;:&quot;yes&quot;,&quot;loop&quot;:&quot;yes&quot;,&quot;controls&quot;:&quot;yes&quot;}\" data-widget_type=\"video.default\">\n\t\t\t\t<div class=\"elementor-widget-container\">\n\t\t\t\t\t\t\t<div class=\"e-hosted-video elementor-wrapper elementor-open-inline\">\n\t\t\t\t\t<video class=\"elementor-video\" src=\"https:\/\/integrandosalud.com\/home\/wp-content\/uploads\/2024\/11\/Recetas-Digitales.mp4\" autoplay=\"\" loop=\"\" controls=\"\" controlsList=\"nodownload\"><\/video>\n\t\t\t\t<\/div>\n\t\t\t\t\t\t<\/div>\n\t\t\t\t<\/div>\n\t\t<div class=\"elementor-element elementor-element-4ac4c53 e-con-full e-flex e-con e-child\" data-id=\"4ac4c53\" data-element_type=\"container\" data-e-type=\"container\">\n\t\t<div class=\"elementor-element elementor-element-5404b47 e-con-full e-flex e-con e-child\" data-id=\"5404b47\" data-element_type=\"container\" data-e-type=\"container\">\n\t\t\t\t<div class=\"elementor-element elementor-element-e373462 elementor-widget__width-inherit elementor-widget elementor-widget-text-editor\" data-id=\"e373462\" data-element_type=\"widget\" data-e-type=\"widget\" data-widget_type=\"text-editor.default\">\n\t\t\t\t<div class=\"elementor-widget-container\">\n\t\t\t\t\t\t\t\t\t<h2>Beneficios para los m\u00e9dicos<\/h2><h3><i class=\"fa-solid fa-check\"><\/i> Recetas 100% V\u00e1lidas<\/h3><p><span style=\"color: #000000;\">Nuestras recetas electr\u00f3nicas son aceptadas en Farmacias.<\/span><\/p><h3><i class=\"fa-solid fa-check\"><\/i> Adi\u00f3s al papeleo<\/h3><p><span style=\"color: #000000;\">Facilita tu gesti\u00f3n con una receta digital, eliminando la necesidad de papeleo y garantizando un proceso m\u00e1s \u00e1gil y eficiente.<\/span><\/p><h3><i class=\"fa-solid fa-check\"><\/i> Beneficios para los Pacientes<\/h3><h3><i class=\"fa-solid fa-check\"><\/i> Evita extrav\u00edos<\/h3><p><span style=\"color: #000000;\">Nunca m\u00e1s se perder\u00e1 una receta. Nuestra plataforma garantiza su seguridad.<\/span><\/p><h3><i class=\"fa-solid fa-check\"><\/i> Recetas legibles<\/h3><p><span style=\"color: #000000;\">Con nuestras recetas digitales, la informaci\u00f3n es clara y legible.<\/span><\/p>\t\t\t\t\t\t\t\t<\/div>\n\t\t\t\t<\/div>\n\t\t\t\t<div class=\"elementor-element elementor-element-468f72d elementor-widget elementor-widget-button\" data-id=\"468f72d\" data-element_type=\"widget\" data-e-type=\"widget\" data-widget_type=\"button.default\">\n\t\t\t\t<div class=\"elementor-widget-container\">\n\t\t\t\t\t\t\t\t\t<div class=\"elementor-button-wrapper\">\n\t\t\t\t\t<a class=\"elementor-button elementor-button-link elementor-size-sm\" href=\"https:\/\/wa.link\/56fvu9\">\n\t\t\t\t\t\t<span class=\"elementor-button-content-wrapper\">\n\t\t\t\t\t\t\t\t\t<span class=\"elementor-button-text\">\u00a1Empez\u00e1 hoy!<\/span>\n\t\t\t\t\t<\/span>\n\t\t\t\t\t<\/a>\n\t\t\t\t<\/div>\n\t\t\t\t\t\t\t\t<\/div>\n\t\t\t\t<\/div>\n\t\t\t\t<\/div>\n\t\t\t\t<\/div>\n\t\t\t\t\t<\/div>\n\t\t\t\t<\/div>\n\t\t\t\t<\/div>\n\t\t","protected":false},"excerpt":{"rendered":"<p>Recetas Digitales Desde el 1 de julio, la receta electr\u00f3nica es obligatoria en todo el pa\u00eds, seg\u00fan el Decreto N\u00b0345\/2024 del Ministerio de Salud. En Integrando Salud nos adelantamos y ya estamos totalmente preparados para esta nueva era de la medicina digital. Facilitamos el proceso con Recetas Electr\u00f3nicas. Cumplimos con la Ley 27.553, permitiendo la [&hellip;]<\/p>\n","protected":false},"author":14,"featured_media":0,"parent":0,"menu_order":0,"comment_status":"closed","ping_status":"closed","template":"elementor_header_footer","meta":{"content-type":"","footnotes":""},"class_list":["post-20462","page","type-page","status-publish","hentry"],"yoast_head":"<!-- This site is optimized with the Yoast SEO Premium plugin v27.5 (Yoast SEO v27.5) - https:\/\/yoast.com\/product\/yoast-seo-premium-wordpress\/ -->\n<title>Recetas Digitales - Integrando Salud<\/title>\n<meta name=\"description\" content=\"Desde el 1 de julio, las Recetas Digitales son obligatorias. Inf\u00f3rmate sobre su implementaci\u00f3n y beneficios en nuestra plataforma.\" \/>\n<meta name=\"robots\" content=\"index, follow, max-snippet:-1, max-image-preview:large, max-video-preview:-1\" \/>\n<link rel=\"canonical\" href=\"https:\/\/integrandosalud.com\/home\/recetas-digitales\/\" \/>\n<meta property=\"og:locale\" content=\"es_ES\" \/>\n<meta property=\"og:type\" content=\"article\" \/>\n<meta property=\"og:title\" content=\"Recetas Digitales\" \/>\n<meta property=\"og:description\" content=\"Desde el 1 de julio, las Recetas Digitales son obligatorias. Inf\u00f3rmate sobre su implementaci\u00f3n y beneficios en nuestra plataforma.\" \/>\n<meta property=\"og:url\" content=\"https:\/\/integrandosalud.com\/home\/recetas-digitales\/\" \/>\n<meta property=\"og:site_name\" content=\"Integrando Salud\" \/>\n<meta property=\"article:publisher\" content=\"https:\/\/www.facebook.com\/hce.integrandosalud\" \/>\n<meta property=\"article:modified_time\" content=\"2025-04-25T20:29:01+00:00\" \/>\n<meta property=\"og:image\" content=\"https:\/\/integrandosalud.com\/home\/wp-content\/uploads\/2025\/03\/Home.jpg\" \/>\n\t<meta property=\"og:image:width\" content=\"500\" \/>\n\t<meta property=\"og:image:height\" content=\"375\" \/>\n\t<meta property=\"og:image:type\" content=\"image\/jpeg\" \/>\n<meta name=\"twitter:card\" content=\"summary_large_image\" \/>\n<meta name=\"twitter:image\" content=\"https:\/\/www.integrandosalud.com\/es-ar\/wp-content\/uploads\/sites\/2\/2022\/09\/logo_color_199x199.png\" \/>\n<meta name=\"twitter:site\" content=\"@integrandosalud\" \/>\n<meta name=\"twitter:label1\" content=\"Tiempo de lectura\" \/>\n\t<meta name=\"twitter:data1\" content=\"1 minuto\" \/>\n<script type=\"application\/ld+json\" class=\"yoast-schema-graph\">{\"@context\":\"https:\\\/\\\/schema.org\",\"@graph\":[{\"@type\":\"WebPage\",\"@id\":\"https:\\\/\\\/integrandosalud.com\\\/home\\\/recetas-digitales\\\/\",\"url\":\"https:\\\/\\\/integrandosalud.com\\\/home\\\/recetas-digitales\\\/\",\"name\":\"Recetas Digitales - Integrando Salud\",\"isPartOf\":{\"@id\":\"https:\\\/\\\/integrandosalud.com\\\/home\\\/#website\"},\"datePublished\":\"2024-11-14T22:20:47+00:00\",\"dateModified\":\"2025-04-25T20:29:01+00:00\",\"description\":\"Desde el 1 de julio, las Recetas Digitales son obligatorias. Inf\u00f3rmate sobre su implementaci\u00f3n y beneficios en nuestra plataforma.\",\"breadcrumb\":{\"@id\":\"https:\\\/\\\/integrandosalud.com\\\/home\\\/recetas-digitales\\\/#breadcrumb\"},\"inLanguage\":\"es\",\"potentialAction\":[{\"@type\":\"ReadAction\",\"target\":[\"https:\\\/\\\/integrandosalud.com\\\/home\\\/recetas-digitales\\\/\"]}]},{\"@type\":\"BreadcrumbList\",\"@id\":\"https:\\\/\\\/integrandosalud.com\\\/home\\\/recetas-digitales\\\/#breadcrumb\",\"itemListElement\":[{\"@type\":\"ListItem\",\"position\":1,\"name\":\"Portada\",\"item\":\"https:\\\/\\\/integrandosalud.com\\\/home\\\/\"},{\"@type\":\"ListItem\",\"position\":2,\"name\":\"Recetas Digitales\"}]},{\"@type\":\"WebSite\",\"@id\":\"https:\\\/\\\/integrandosalud.com\\\/home\\\/#website\",\"url\":\"https:\\\/\\\/integrandosalud.com\\\/home\\\/\",\"name\":\"Integrando Salud\",\"description\":\"Sistema integral de gesti\u00f3n hospitalaria, cl\u00ednicas y consultorios. HIS \\\/ HCE \\\/ ERP. Telemedicina. Administraci\u00f3n. Contabilidad. Portal del Paciente.\",\"publisher\":{\"@id\":\"https:\\\/\\\/integrandosalud.com\\\/home\\\/#organization\"},\"potentialAction\":[{\"@type\":\"SearchAction\",\"target\":{\"@type\":\"EntryPoint\",\"urlTemplate\":\"https:\\\/\\\/integrandosalud.com\\\/home\\\/?s={search_term_string}\"},\"query-input\":{\"@type\":\"PropertyValueSpecification\",\"valueRequired\":true,\"valueName\":\"search_term_string\"}}],\"inLanguage\":\"es\"},{\"@type\":\"Organization\",\"@id\":\"https:\\\/\\\/integrandosalud.com\\\/home\\\/#organization\",\"name\":\"Integrando Salud\",\"alternateName\":\"IS\",\"url\":\"https:\\\/\\\/integrandosalud.com\\\/home\\\/\",\"logo\":{\"@type\":\"ImageObject\",\"inLanguage\":\"es\",\"@id\":\"https:\\\/\\\/integrandosalud.com\\\/home\\\/#\\\/schema\\\/logo\\\/image\\\/\",\"url\":\"https:\\\/\\\/integrandosalud.com\\\/home\\\/wp-content\\\/uploads\\\/2025\\\/03\\\/cropped-Marca-Integrand-iso.png\",\"contentUrl\":\"https:\\\/\\\/integrandosalud.com\\\/home\\\/wp-content\\\/uploads\\\/2025\\\/03\\\/cropped-Marca-Integrand-iso.png\",\"width\":512,\"height\":512,\"caption\":\"Integrando Salud\"},\"image\":{\"@id\":\"https:\\\/\\\/integrandosalud.com\\\/home\\\/#\\\/schema\\\/logo\\\/image\\\/\"},\"sameAs\":[\"https:\\\/\\\/www.facebook.com\\\/hce.integrandosalud\",\"https:\\\/\\\/x.com\\\/integrandosalud\",\"https:\\\/\\\/www.instagram.com\\\/integrandosalud\\\/\",\"https:\\\/\\\/www.linkedin.com\\\/company\\\/integrandosalud\\\/\"],\"description\":\"Integrando Salud es el primer software m\u00e9dico que brinda a los profesionales de la salud un seguimiento de sus pacientes de 360\u00ba, sin necesidad de cambiar de aplicaci\u00f3n.\",\"email\":\"info@integrandosalud.com\",\"telephone\":\"+5491161148794\",\"foundingDate\":\"2010-10-20\"}]}<\/script>\n<!-- \/ Yoast SEO Premium plugin. -->","yoast_head_json":{"title":"Recetas Digitales - Integrando Salud","description":"Desde el 1 de julio, las Recetas Digitales son obligatorias. Inf\u00f3rmate sobre su implementaci\u00f3n y beneficios en nuestra plataforma.","robots":{"index":"index","follow":"follow","max-snippet":"max-snippet:-1","max-image-preview":"max-image-preview:large","max-video-preview":"max-video-preview:-1"},"canonical":"https:\/\/integrandosalud.com\/home\/recetas-digitales\/","og_locale":"es_ES","og_type":"article","og_title":"Recetas Digitales","og_description":"Desde el 1 de julio, las Recetas Digitales son obligatorias. Inf\u00f3rmate sobre su implementaci\u00f3n y beneficios en nuestra plataforma.","og_url":"https:\/\/integrandosalud.com\/home\/recetas-digitales\/","og_site_name":"Integrando Salud","article_publisher":"https:\/\/www.facebook.com\/hce.integrandosalud","article_modified_time":"2025-04-25T20:29:01+00:00","og_image":[{"width":500,"height":375,"url":"https:\/\/integrandosalud.com\/home\/wp-content\/uploads\/2025\/03\/Home.jpg","type":"image\/jpeg"}],"twitter_card":"summary_large_image","twitter_image":"https:\/\/www.integrandosalud.com\/es-ar\/wp-content\/uploads\/sites\/2\/2022\/09\/logo_color_199x199.png","twitter_site":"@integrandosalud","twitter_misc":{"Tiempo de lectura":"1 minuto"},"schema":{"@context":"https:\/\/schema.org","@graph":[{"@type":"WebPage","@id":"https:\/\/integrandosalud.com\/home\/recetas-digitales\/","url":"https:\/\/integrandosalud.com\/home\/recetas-digitales\/","name":"Recetas Digitales - Integrando Salud","isPartOf":{"@id":"https:\/\/integrandosalud.com\/home\/#website"},"datePublished":"2024-11-14T22:20:47+00:00","dateModified":"2025-04-25T20:29:01+00:00","description":"Desde el 1 de julio, las Recetas Digitales son obligatorias. Inf\u00f3rmate sobre su implementaci\u00f3n y beneficios en nuestra plataforma.","breadcrumb":{"@id":"https:\/\/integrandosalud.com\/home\/recetas-digitales\/#breadcrumb"},"inLanguage":"es","potentialAction":[{"@type":"ReadAction","target":["https:\/\/integrandosalud.com\/home\/recetas-digitales\/"]}]},{"@type":"BreadcrumbList","@id":"https:\/\/integrandosalud.com\/home\/recetas-digitales\/#breadcrumb","itemListElement":[{"@type":"ListItem","position":1,"name":"Portada","item":"https:\/\/integrandosalud.com\/home\/"},{"@type":"ListItem","position":2,"name":"Recetas Digitales"}]},{"@type":"WebSite","@id":"https:\/\/integrandosalud.com\/home\/#website","url":"https:\/\/integrandosalud.com\/home\/","name":"Integrando Salud","description":"Sistema integral de gesti\u00f3n hospitalaria, cl\u00ednicas y consultorios. HIS \/ HCE \/ ERP. Telemedicina. Administraci\u00f3n. Contabilidad. Portal del Paciente.","publisher":{"@id":"https:\/\/integrandosalud.com\/home\/#organization"},"potentialAction":[{"@type":"SearchAction","target":{"@type":"EntryPoint","urlTemplate":"https:\/\/integrandosalud.com\/home\/?s={search_term_string}"},"query-input":{"@type":"PropertyValueSpecification","valueRequired":true,"valueName":"search_term_string"}}],"inLanguage":"es"},{"@type":"Organization","@id":"https:\/\/integrandosalud.com\/home\/#organization","name":"Integrando Salud","alternateName":"IS","url":"https:\/\/integrandosalud.com\/home\/","logo":{"@type":"ImageObject","inLanguage":"es","@id":"https:\/\/integrandosalud.com\/home\/#\/schema\/logo\/image\/","url":"https:\/\/integrandosalud.com\/home\/wp-content\/uploads\/2025\/03\/cropped-Marca-Integrand-iso.png","contentUrl":"https:\/\/integrandosalud.com\/home\/wp-content\/uploads\/2025\/03\/cropped-Marca-Integrand-iso.png","width":512,"height":512,"caption":"Integrando Salud"},"image":{"@id":"https:\/\/integrandosalud.com\/home\/#\/schema\/logo\/image\/"},"sameAs":["https:\/\/www.facebook.com\/hce.integrandosalud","https:\/\/x.com\/integrandosalud","https:\/\/www.instagram.com\/integrandosalud\/","https:\/\/www.linkedin.com\/company\/integrandosalud\/"],"description":"Integrando Salud es el primer software m\u00e9dico que brinda a los profesionales de la salud un seguimiento de sus pacientes de 360\u00ba, sin necesidad de cambiar de aplicaci\u00f3n.","email":"info@integrandosalud.com","telephone":"+5491161148794","foundingDate":"2010-10-20"}]}},"_links":{"self":[{"href":"https:\/\/integrandosalud.com\/home\/wp-json\/wp\/v2\/pages\/20462","targetHints":{"allow":["GET"]}}],"collection":[{"href":"https:\/\/integrandosalud.com\/home\/wp-json\/wp\/v2\/pages"}],"about":[{"href":"https:\/\/integrandosalud.com\/home\/wp-json\/wp\/v2\/types\/page"}],"author":[{"embeddable":true,"href":"https:\/\/integrandosalud.com\/home\/wp-json\/wp\/v2\/users\/14"}],"replies":[{"embeddable":true,"href":"https:\/\/integrandosalud.com\/home\/wp-json\/wp\/v2\/comments?post=20462"}],"version-history":[{"count":0,"href":"https:\/\/integrandosalud.com\/home\/wp-json\/wp\/v2\/pages\/20462\/revisions"}],"wp:attachment":[{"href":"https:\/\/integrandosalud.com\/home\/wp-json\/wp\/v2\/media?parent=20462"}],"curies":[{"name":"wp","href":"https:\/\/api.w.org\/{rel}","templated":true}]}}