{"id":19256,"date":"2024-10-09T19:43:44","date_gmt":"2024-10-09T22:43:44","guid":{"rendered":"https:\/\/integrandosalud.com\/home\/?page_id=19256"},"modified":"2025-04-25T16:53:46","modified_gmt":"2025-04-25T19:53:46","slug":"integrando-pacientes-solicitar-acceso-por-email","status":"publish","type":"page","link":"https:\/\/integrandosalud.com\/home\/integrando-pacientes-solicitar-acceso-por-email\/","title":{"rendered":"Integrando Pacientes &#8211; Solicitar Acceso por email"},"content":{"rendered":"\t\t<div data-elementor-type=\"wp-page\" data-elementor-id=\"19256\" class=\"elementor elementor-19256\" data-elementor-post-type=\"page\">\n\t\t\t\t<div class=\"elementor-element elementor-element-17b14cf e-flex e-con-boxed e-con e-parent\" data-id=\"17b14cf\" data-element_type=\"container\" data-e-type=\"container\">\n\t\t\t\t\t<div class=\"e-con-inner\">\n\t\t\t\t<div class=\"elementor-element elementor-element-97aca80 elementor-widget elementor-widget-heading\" data-id=\"97aca80\" data-element_type=\"widget\" data-e-type=\"widget\" data-widget_type=\"heading.default\">\n\t\t\t\t<div class=\"elementor-widget-container\">\n\t\t\t\t\t<h2 class=\"elementor-heading-title elementor-size-default\">Integrando Pacientes - Solicitar acceso por email<\/h2>\t\t\t\t<\/div>\n\t\t\t\t<\/div>\n\t\t\t\t\t<\/div>\n\t\t\t\t<\/div>\n\t\t<div class=\"elementor-element elementor-element-62ce38d e-flex e-con-boxed e-con e-parent\" data-id=\"62ce38d\" data-element_type=\"container\" data-e-type=\"container\">\n\t\t\t\t\t<div class=\"e-con-inner\">\n\t\t\t\t<div class=\"elementor-element elementor-element-757865e elementor-widget__width-inherit elementor-widget elementor-widget-heading\" data-id=\"757865e\" data-element_type=\"widget\" data-e-type=\"widget\" data-widget_type=\"heading.default\">\n\t\t\t\t<div class=\"elementor-widget-container\">\n\t\t\t\t\t<h2 class=\"elementor-heading-title elementor-size-default\">Integrando Pacientes - Solicitar acceso por email<\/h2>\t\t\t\t<\/div>\n\t\t\t\t<\/div>\n\t\t\t\t\t<\/div>\n\t\t\t\t<\/div>\n\t\t<div class=\"elementor-element elementor-element-7fad32e e-flex e-con-boxed e-con e-parent\" data-id=\"7fad32e\" data-element_type=\"container\" data-e-type=\"container\">\n\t\t\t\t\t<div class=\"e-con-inner\">\n\t\t\t\t<div class=\"elementor-element elementor-element-e8897db elementor-widget__width-inherit elementor-widget elementor-widget-text-editor\" data-id=\"e8897db\" data-element_type=\"widget\" data-e-type=\"widget\" data-widget_type=\"text-editor.default\">\n\t\t\t\t<div class=\"elementor-widget-container\">\n\t\t\t\t\t\t\t\t\t<h3>Si no tienes acceso puedes completar el siguiente formulario y solicitar acceso por email:<\/h3><p>\n<div class=\"wpcf7 no-js\" id=\"wpcf7-f13568-o1\" lang=\"es-AR\" dir=\"ltr\" data-wpcf7-id=\"13568\">\n<div class=\"screen-reader-response\"><p role=\"status\" aria-live=\"polite\" aria-atomic=\"true\"><\/p> <ul><\/ul><\/div>\n<form action=\"\/home\/wp-json\/wp\/v2\/pages\/19256#wpcf7-f13568-o1\" method=\"post\" class=\"wpcf7-form init\" aria-label=\"Formulario de contacto\" novalidate=\"novalidate\" data-status=\"init\">\n<fieldset class=\"hidden-fields-container\"><input type=\"hidden\" name=\"_wpcf7\" value=\"13568\" \/><input type=\"hidden\" name=\"_wpcf7_version\" value=\"6.1.5\" \/><input type=\"hidden\" name=\"_wpcf7_locale\" value=\"es_AR\" \/><input type=\"hidden\" name=\"_wpcf7_unit_tag\" value=\"wpcf7-f13568-o1\" \/><input type=\"hidden\" name=\"_wpcf7_container_post\" value=\"0\" \/><input type=\"hidden\" name=\"_wpcf7_posted_data_hash\" value=\"\" \/>\n<\/fieldset>\n<p><label> Ingresa tu nombre y apellido completo(Obligatorio)<br \/>\n<span class=\"wpcf7-form-control-wrap\" data-name=\"your-name\"><input size=\"40\" maxlength=\"400\" class=\"wpcf7-form-control wpcf7-text wpcf7-validates-as-required\" aria-required=\"true\" aria-invalid=\"false\" value=\"\" type=\"text\" name=\"your-name\" \/><\/span> <\/label><br \/>\n<label> Ingresa tu Email (Obligatorio)<br \/>\n<span class=\"wpcf7-form-control-wrap\" data-name=\"your-email\"><input size=\"40\" maxlength=\"400\" class=\"wpcf7-form-control wpcf7-email wpcf7-validates-as-required wpcf7-text wpcf7-validates-as-email\" aria-required=\"true\" aria-invalid=\"false\" value=\"\" type=\"email\" name=\"your-email\" \/><\/span> <\/label><br \/>\n<label> Ingresa tu DNI (Obligatorio)<br \/>\n<span class=\"wpcf7-form-control-wrap\" data-name=\"your-number\"><input class=\"wpcf7-form-control wpcf7-number wpcf7-validates-as-required wpcf7-validates-as-number\" aria-required=\"true\" aria-invalid=\"false\" value=\"\" type=\"number\" name=\"your-number\" \/><\/span> <\/label><br \/>\n<label> Ingresa tu Fecha de Nacimiento (Obligatorio)<br \/>\n<span class=\"wpcf7-form-control-wrap\" data-name=\"your-subject\"><input size=\"40\" maxlength=\"400\" class=\"wpcf7-form-control wpcf7-text wpcf7-validates-as-required\" aria-required=\"true\" aria-invalid=\"false\" value=\"\" type=\"text\" name=\"your-subject\" \/><\/span> <\/label><br \/>\n<label> Ingresa tu Numero de Celular con C\u00f3digo de \u00c1rea (Obligatorio)<br \/>\n<span class=\"wpcf7-form-control-wrap\" data-name=\"your-tel\"><input size=\"40\" maxlength=\"400\" class=\"wpcf7-form-control wpcf7-tel wpcf7-validates-as-required wpcf7-text wpcf7-validates-as-tel\" aria-required=\"true\" aria-invalid=\"false\" value=\"\" type=\"tel\" name=\"your-tel\" \/><\/span> <\/label><br \/>\nSelecciona tu Cobertura u Obra Social (Obligatorio)<br \/>\n<span class=\"wpcf7-form-control-wrap\" data-name=\"your-cobertura\"><span class=\"wpcf7-form-control wpcf7-radio\"><span class=\"wpcf7-list-item first\"><input type=\"radio\" name=\"your-cobertura\" value=\"IPS\" \/><span class=\"wpcf7-list-item-label\">IPS<\/span><\/span><span class=\"wpcf7-list-item\"><input type=\"radio\" name=\"your-cobertura\" value=\"Omint\" \/><span class=\"wpcf7-list-item-label\">Omint<\/span><\/span><span class=\"wpcf7-list-item last\"><input type=\"radio\" name=\"your-cobertura\" value=\"Otra\" \/><span class=\"wpcf7-list-item-label\">Otra<\/span><\/span><\/span><\/span><br \/>\n<label> Ingresa tu Numero de Afiliado<br \/>\n<span class=\"wpcf7-form-control-wrap\" data-name=\"your-nro-afiliado\"><input size=\"40\" maxlength=\"400\" class=\"wpcf7-form-control wpcf7-text\" aria-invalid=\"false\" value=\"\" type=\"text\" name=\"your-nro-afiliado\" \/><\/span> <\/label><br \/>\n<label> Ingresa la localidad y provincia en donde vives (Obligatorio)<br \/>\n<span class=\"wpcf7-form-control-wrap\" data-name=\"your-localidad\"><input size=\"40\" maxlength=\"400\" class=\"wpcf7-form-control wpcf7-text wpcf7-validates-as-required\" aria-required=\"true\" aria-invalid=\"false\" value=\"\" type=\"text\" name=\"your-localidad\" \/><\/span> <\/label><br \/>\n<label> Si sos una madre o cuidadora de un paciente, envianos el nombre y DNI de tu familiar o persona a tu cuidado. Te responderemos a la brevedad.<br \/>\n<span class=\"wpcf7-form-control-wrap\" data-name=\"your-message\"><textarea cols=\"40\" rows=\"10\" maxlength=\"2000\" class=\"wpcf7-form-control wpcf7-textarea\" aria-invalid=\"false\" name=\"your-message\"><\/textarea><\/span> <\/label>\n<\/p>\n<p><span><span class=\"wpcf7-form-control-wrap\" data-name=\"acceptance-279\"><span class=\"wpcf7-form-control wpcf7-acceptance\"><span class=\"wpcf7-list-item\"><input type=\"checkbox\" name=\"acceptance-279\" value=\"1\" aria-invalid=\"false\" \/><\/span><\/span><\/span> He le\u00eddo y acepto el <a target=\"_blank\" rel=\"nofollow noopener noreferrer\" href=\"https:\/\/integrandosalud.com\/home\/avisos-legales\">Aviso Legal<\/a> y la <a target=\"_blank\" rel=\"nofollow noopener noreferrer\" href=\"https:\/\/integrandosalud.com\/home\/politica-de-privacidad\">Pol\u00edtica de Privacidad<\/a>.<\/span>\n<\/p>\n<p><span><span class=\"wpcf7-form-control-wrap\" data-name=\"acceptance-414\"><span class=\"wpcf7-form-control wpcf7-acceptance\"><span class=\"wpcf7-list-item\"><input type=\"checkbox\" name=\"acceptance-414\" value=\"1\" aria-invalid=\"false\" \/><\/span><\/span><\/span> Declaro, bajo mi propia responsabilidad, ser mayor de 18 a\u00f1os y respondo de manera exclusiva de la veracidad de dicha declaraci\u00f3n.<\/span>\n<\/p>\n<p><span><span class=\"wpcf7-form-control-wrap\" data-name=\"acceptance-415\"><span class=\"wpcf7-form-control wpcf7-acceptance\"><span class=\"wpcf7-list-item\"><input type=\"checkbox\" name=\"acceptance-415\" value=\"1\" aria-invalid=\"false\" \/><\/span><\/span><\/span> Acepto recibir la informaci\u00f3n que la entidad considere oportuno enviarme por correo electr\u00f3nico o medio de comunicaci\u00f3n electr\u00f3nica equivalente. (Es posible darse de baja en cualquier momento).<\/span><br \/>\n<input class=\"wpcf7-form-control wpcf7-submit has-spinner\" type=\"submit\" value=\"Enviar\" \/>\n<\/p><div class=\"wpcf7-response-output\" aria-hidden=\"true\"><\/div>\n<\/form>\n<\/div>\n<\/p>\t\t\t\t\t\t\t\t<\/div>\n\t\t\t\t<\/div>\n\t\t\t\t\t<\/div>\n\t\t\t\t<\/div>\n\t\t\t\t<\/div>\n\t\t","protected":false},"excerpt":{"rendered":"<p>Integrando Pacientes &#8211; Solicitar acceso por email Integrando Pacientes &#8211; Solicitar acceso por email Si no tienes acceso puedes completar el siguiente formulario y solicitar acceso por email:<\/p>\n","protected":false},"author":14,"featured_media":0,"parent":0,"menu_order":0,"comment_status":"closed","ping_status":"closed","template":"elementor_header_footer","meta":{"content-type":"","footnotes":""},"class_list":["post-19256","page","type-page","status-publish","hentry"],"yoast_head":"<!-- This site is optimized with the Yoast SEO Premium plugin v27.3 (Yoast SEO v27.3) - https:\/\/yoast.com\/product\/yoast-seo-premium-wordpress\/ -->\n<title>Integrando Pacientes - Solicitar Acceso por email - Integrando Salud<\/title>\n<meta name=\"description\" content=\"Solicitar acceso por email de Integrando Pacientes.\" \/>\n<meta name=\"robots\" content=\"index, follow, max-snippet:-1, max-image-preview:large, max-video-preview:-1\" \/>\n<link rel=\"canonical\" href=\"https:\/\/integrandosalud.com\/home\/integrando-pacientes-solicitar-acceso-por-email\/\" \/>\n<meta property=\"og:locale\" content=\"es_ES\" \/>\n<meta property=\"og:type\" content=\"article\" \/>\n<meta property=\"og:title\" content=\"Integrando Pacientes - Solicitar Acceso por email\" \/>\n<meta property=\"og:description\" content=\"Solicitar acceso por email de Integrando Pacientes.\" \/>\n<meta property=\"og:url\" content=\"https:\/\/integrandosalud.com\/home\/integrando-pacientes-solicitar-acceso-por-email\/\" \/>\n<meta property=\"og:site_name\" content=\"Integrando Salud\" \/>\n<meta property=\"article:publisher\" content=\"https:\/\/www.facebook.com\/hce.integrandosalud\" \/>\n<meta property=\"article:modified_time\" content=\"2025-04-25T19:53:46+00:00\" \/>\n<meta property=\"og:image\" content=\"https:\/\/webishome-ca0a.kxcdn.com\/home\/wp-content\/uploads\/2025\/03\/cropped-Marca-Integrand-iso.png\" \/>\n\t<meta property=\"og:image:width\" content=\"512\" \/>\n\t<meta property=\"og:image:height\" content=\"512\" \/>\n\t<meta property=\"og:image:type\" content=\"image\/png\" \/>\n<meta name=\"twitter:card\" content=\"summary_large_image\" \/>\n<meta name=\"twitter:site\" content=\"@integrandosalud\" \/>\n<meta name=\"twitter:label1\" content=\"Tiempo de lectura\" \/>\n\t<meta name=\"twitter:data1\" content=\"1 minuto\" \/>\n<script type=\"application\/ld+json\" class=\"yoast-schema-graph\">{\"@context\":\"https:\\\/\\\/schema.org\",\"@graph\":[{\"@type\":\"WebPage\",\"@id\":\"https:\\\/\\\/integrandosalud.com\\\/home\\\/integrando-pacientes-solicitar-acceso-por-email\\\/\",\"url\":\"https:\\\/\\\/integrandosalud.com\\\/home\\\/integrando-pacientes-solicitar-acceso-por-email\\\/\",\"name\":\"Integrando Pacientes - Solicitar Acceso por email - Integrando Salud\",\"isPartOf\":{\"@id\":\"https:\\\/\\\/integrandosalud.com\\\/home\\\/#website\"},\"datePublished\":\"2024-10-09T22:43:44+00:00\",\"dateModified\":\"2025-04-25T19:53:46+00:00\",\"description\":\"Solicitar acceso por email de Integrando Pacientes.\",\"breadcrumb\":{\"@id\":\"https:\\\/\\\/integrandosalud.com\\\/home\\\/integrando-pacientes-solicitar-acceso-por-email\\\/#breadcrumb\"},\"inLanguage\":\"es\",\"potentialAction\":[{\"@type\":\"ReadAction\",\"target\":[\"https:\\\/\\\/integrandosalud.com\\\/home\\\/integrando-pacientes-solicitar-acceso-por-email\\\/\"]}]},{\"@type\":\"BreadcrumbList\",\"@id\":\"https:\\\/\\\/integrandosalud.com\\\/home\\\/integrando-pacientes-solicitar-acceso-por-email\\\/#breadcrumb\",\"itemListElement\":[{\"@type\":\"ListItem\",\"position\":1,\"name\":\"Portada\",\"item\":\"https:\\\/\\\/integrandosalud.com\\\/home\\\/\"},{\"@type\":\"ListItem\",\"position\":2,\"name\":\"Integrando Pacientes &#8211; Solicitar Acceso por email\"}]},{\"@type\":\"WebSite\",\"@id\":\"https:\\\/\\\/integrandosalud.com\\\/home\\\/#website\",\"url\":\"https:\\\/\\\/integrandosalud.com\\\/home\\\/\",\"name\":\"Integrando Salud\",\"description\":\"Sistema integral de gesti\u00f3n hospitalaria, cl\u00ednicas y consultorios. HIS \\\/ HCE \\\/ ERP. Telemedicina. Administraci\u00f3n. Contabilidad. Portal del Paciente.\",\"publisher\":{\"@id\":\"https:\\\/\\\/integrandosalud.com\\\/home\\\/#organization\"},\"potentialAction\":[{\"@type\":\"SearchAction\",\"target\":{\"@type\":\"EntryPoint\",\"urlTemplate\":\"https:\\\/\\\/integrandosalud.com\\\/home\\\/?s={search_term_string}\"},\"query-input\":{\"@type\":\"PropertyValueSpecification\",\"valueRequired\":true,\"valueName\":\"search_term_string\"}}],\"inLanguage\":\"es\"},{\"@type\":\"Organization\",\"@id\":\"https:\\\/\\\/integrandosalud.com\\\/home\\\/#organization\",\"name\":\"Integrando Salud\",\"alternateName\":\"30715831305\",\"url\":\"https:\\\/\\\/integrandosalud.com\\\/home\\\/\",\"logo\":{\"@type\":\"ImageObject\",\"inLanguage\":\"es\",\"@id\":\"https:\\\/\\\/integrandosalud.com\\\/home\\\/#\\\/schema\\\/logo\\\/image\\\/\",\"url\":\"https:\\\/\\\/integrandosalud.com\\\/home\\\/wp-content\\\/uploads\\\/2025\\\/03\\\/cropped-Marca-Integrand-iso.png\",\"contentUrl\":\"https:\\\/\\\/integrandosalud.com\\\/home\\\/wp-content\\\/uploads\\\/2025\\\/03\\\/cropped-Marca-Integrand-iso.png\",\"width\":512,\"height\":512,\"caption\":\"Integrando Salud\"},\"image\":{\"@id\":\"https:\\\/\\\/integrandosalud.com\\\/home\\\/#\\\/schema\\\/logo\\\/image\\\/\"},\"sameAs\":[\"https:\\\/\\\/www.facebook.com\\\/hce.integrandosalud\",\"https:\\\/\\\/x.com\\\/integrandosalud\",\"https:\\\/\\\/www.instagram.com\\\/integrandosalud\\\/\",\"https:\\\/\\\/www.linkedin.com\\\/company\\\/integrandosalud\\\/\"],\"description\":\"Integrando Salud es el primer software m\u00e9dico que brinda a los profesionales de la salud un seguimiento de sus pacientes de 360\u00ba, sin necesidad de cambiar de aplicaci\u00f3n.\",\"email\":\"info@integrandosalud.com\",\"telephone\":\"+5491161148794\",\"foundingDate\":\"2010-10-20\"}]}<\/script>\n<!-- \/ Yoast SEO Premium plugin. -->","yoast_head_json":{"title":"Integrando Pacientes - Solicitar Acceso por email - Integrando Salud","description":"Solicitar acceso por email de Integrando Pacientes.","robots":{"index":"index","follow":"follow","max-snippet":"max-snippet:-1","max-image-preview":"max-image-preview:large","max-video-preview":"max-video-preview:-1"},"canonical":"https:\/\/integrandosalud.com\/home\/integrando-pacientes-solicitar-acceso-por-email\/","og_locale":"es_ES","og_type":"article","og_title":"Integrando Pacientes - Solicitar Acceso por email","og_description":"Solicitar acceso por email de Integrando Pacientes.","og_url":"https:\/\/integrandosalud.com\/home\/integrando-pacientes-solicitar-acceso-por-email\/","og_site_name":"Integrando Salud","article_publisher":"https:\/\/www.facebook.com\/hce.integrandosalud","article_modified_time":"2025-04-25T19:53:46+00:00","og_image":[{"width":512,"height":512,"url":"https:\/\/webishome-ca0a.kxcdn.com\/home\/wp-content\/uploads\/2025\/03\/cropped-Marca-Integrand-iso.png","type":"image\/png"}],"twitter_card":"summary_large_image","twitter_site":"@integrandosalud","twitter_misc":{"Tiempo de lectura":"1 minuto"},"schema":{"@context":"https:\/\/schema.org","@graph":[{"@type":"WebPage","@id":"https:\/\/integrandosalud.com\/home\/integrando-pacientes-solicitar-acceso-por-email\/","url":"https:\/\/integrandosalud.com\/home\/integrando-pacientes-solicitar-acceso-por-email\/","name":"Integrando Pacientes - Solicitar Acceso por email - Integrando Salud","isPartOf":{"@id":"https:\/\/integrandosalud.com\/home\/#website"},"datePublished":"2024-10-09T22:43:44+00:00","dateModified":"2025-04-25T19:53:46+00:00","description":"Solicitar acceso por email de Integrando Pacientes.","breadcrumb":{"@id":"https:\/\/integrandosalud.com\/home\/integrando-pacientes-solicitar-acceso-por-email\/#breadcrumb"},"inLanguage":"es","potentialAction":[{"@type":"ReadAction","target":["https:\/\/integrandosalud.com\/home\/integrando-pacientes-solicitar-acceso-por-email\/"]}]},{"@type":"BreadcrumbList","@id":"https:\/\/integrandosalud.com\/home\/integrando-pacientes-solicitar-acceso-por-email\/#breadcrumb","itemListElement":[{"@type":"ListItem","position":1,"name":"Portada","item":"https:\/\/integrandosalud.com\/home\/"},{"@type":"ListItem","position":2,"name":"Integrando Pacientes &#8211; Solicitar Acceso por email"}]},{"@type":"WebSite","@id":"https:\/\/integrandosalud.com\/home\/#website","url":"https:\/\/integrandosalud.com\/home\/","name":"Integrando Salud","description":"Sistema integral de gesti\u00f3n hospitalaria, cl\u00ednicas y consultorios. HIS \/ HCE \/ ERP. Telemedicina. Administraci\u00f3n. Contabilidad. Portal del Paciente.","publisher":{"@id":"https:\/\/integrandosalud.com\/home\/#organization"},"potentialAction":[{"@type":"SearchAction","target":{"@type":"EntryPoint","urlTemplate":"https:\/\/integrandosalud.com\/home\/?s={search_term_string}"},"query-input":{"@type":"PropertyValueSpecification","valueRequired":true,"valueName":"search_term_string"}}],"inLanguage":"es"},{"@type":"Organization","@id":"https:\/\/integrandosalud.com\/home\/#organization","name":"Integrando Salud","alternateName":"30715831305","url":"https:\/\/integrandosalud.com\/home\/","logo":{"@type":"ImageObject","inLanguage":"es","@id":"https:\/\/integrandosalud.com\/home\/#\/schema\/logo\/image\/","url":"https:\/\/webishome-ca0a.kxcdn.com\/home\/wp-content\/uploads\/2025\/03\/cropped-Marca-Integrand-iso.png","contentUrl":"https:\/\/webishome-ca0a.kxcdn.com\/home\/wp-content\/uploads\/2025\/03\/cropped-Marca-Integrand-iso.png","width":512,"height":512,"caption":"Integrando Salud"},"image":{"@id":"https:\/\/integrandosalud.com\/home\/#\/schema\/logo\/image\/"},"sameAs":["https:\/\/www.facebook.com\/hce.integrandosalud","https:\/\/x.com\/integrandosalud","https:\/\/www.instagram.com\/integrandosalud\/","https:\/\/www.linkedin.com\/company\/integrandosalud\/"],"description":"Integrando Salud es el primer software m\u00e9dico que brinda a los profesionales de la salud un seguimiento de sus pacientes de 360\u00ba, sin necesidad de cambiar de aplicaci\u00f3n.","email":"info@integrandosalud.com","telephone":"+5491161148794","foundingDate":"2010-10-20"}]}},"_links":{"self":[{"href":"https:\/\/integrandosalud.com\/home\/wp-json\/wp\/v2\/pages\/19256","targetHints":{"allow":["GET"]}}],"collection":[{"href":"https:\/\/integrandosalud.com\/home\/wp-json\/wp\/v2\/pages"}],"about":[{"href":"https:\/\/integrandosalud.com\/home\/wp-json\/wp\/v2\/types\/page"}],"author":[{"embeddable":true,"href":"https:\/\/integrandosalud.com\/home\/wp-json\/wp\/v2\/users\/14"}],"replies":[{"embeddable":true,"href":"https:\/\/integrandosalud.com\/home\/wp-json\/wp\/v2\/comments?post=19256"}],"version-history":[{"count":1,"href":"https:\/\/integrandosalud.com\/home\/wp-json\/wp\/v2\/pages\/19256\/revisions"}],"predecessor-version":[{"id":23414,"href":"https:\/\/integrandosalud.com\/home\/wp-json\/wp\/v2\/pages\/19256\/revisions\/23414"}],"wp:attachment":[{"href":"https:\/\/integrandosalud.com\/home\/wp-json\/wp\/v2\/media?parent=19256"}],"curies":[{"name":"wp","href":"https:\/\/api.w.org\/{rel}","templated":true}]}}