{"id":12654,"date":"2024-11-04T16:05:56","date_gmt":"2024-11-04T19:05:56","guid":{"rendered":"https:\/\/www.integrandosalud.com.ar\/es-ar\/adhesion-a-debito-automatico\/"},"modified":"2025-04-24T17:12:23","modified_gmt":"2025-04-24T20:12:23","slug":"adhesion-a-debito-automatico","status":"publish","type":"page","link":"https:\/\/integrandosalud.com\/home\/adhesion-a-debito-automatico\/","title":{"rendered":"Adhesi\u00f3n a Debito Autom\u00e1tico"},"content":{"rendered":"\t\t<div data-elementor-type=\"wp-page\" data-elementor-id=\"12654\" class=\"elementor elementor-12654\" data-elementor-post-type=\"page\">\n\t\t\t\t\t\t<section class=\"elementor-section elementor-top-section elementor-element elementor-element-3d3ab7d8 elementor-section-boxed elementor-section-height-default elementor-section-height-default\" data-id=\"3d3ab7d8\" data-element_type=\"section\" data-e-type=\"section\">\n\t\t\t\t\t\t<div class=\"elementor-container elementor-column-gap-default\">\n\t\t\t\t\t<div class=\"elementor-column elementor-col-100 elementor-top-column elementor-element elementor-element-100204fd\" data-id=\"100204fd\" data-element_type=\"column\" data-e-type=\"column\">\n\t\t\t<div class=\"elementor-widget-wrap elementor-element-populated\">\n\t\t\t\t\t\t<div class=\"elementor-element elementor-element-94e4619 elementor-widget elementor-widget-spacer\" data-id=\"94e4619\" data-element_type=\"widget\" data-e-type=\"widget\" data-widget_type=\"spacer.default\">\n\t\t\t\t<div class=\"elementor-widget-container\">\n\t\t\t\t\t\t\t<div class=\"elementor-spacer\">\n\t\t\t<div class=\"elementor-spacer-inner\"><\/div>\n\t\t<\/div>\n\t\t\t\t\t\t<\/div>\n\t\t\t\t<\/div>\n\t\t\t\t<div class=\"elementor-element elementor-element-15a60f7 elementor-widget elementor-widget-heading\" data-id=\"15a60f7\" data-element_type=\"widget\" data-e-type=\"widget\" data-widget_type=\"heading.default\">\n\t\t\t\t<div class=\"elementor-widget-container\">\n\t\t\t\t\t<h2 class=\"elementor-heading-title elementor-size-default\">Adhesi\u00f3n a D\u00e9bito Autom\u00e1tico<\/h2>\t\t\t\t<\/div>\n\t\t\t\t<\/div>\n\t\t\t\t<div class=\"elementor-element elementor-element-6659e26 elementor-widget elementor-widget-heading\" data-id=\"6659e26\" data-element_type=\"widget\" data-e-type=\"widget\" data-widget_type=\"heading.default\">\n\t\t\t\t<div class=\"elementor-widget-container\">\n\t\t\t\t\t<h3 class=\"elementor-heading-title elementor-size-default\">\u00a1Basta de perder tiempo en tr\u00e1mites de pago, te simplificamos las cosas!<\/h3>\t\t\t\t<\/div>\n\t\t\t\t<\/div>\n\t\t\t\t<div class=\"elementor-element elementor-element-7e86d18f elementor-widget elementor-widget-text-editor\" data-id=\"7e86d18f\" data-element_type=\"widget\" data-e-type=\"widget\" data-widget_type=\"text-editor.default\">\n\t\t\t\t<div class=\"elementor-widget-container\">\n\t\t\t\t\t\t\t\t\t<p><span style=\"color: #1e1666;\">Es posible abonar nuestros servicios, a trav\u00e9s de d\u00e9bito autom\u00e1tico en Tarjeta de Cr\u00e9dito. Esto te evitar\u00e1 la tediosa tarea de tener que hacer el tr\u00e1mite de pago personalmente todos los meses. El tr\u00e1mite de adhesi\u00f3n al servicio es muy sencillo. Haciendo click en cualquiera de los siguientes enlaces, ingresar\u00e1s a un formulario de suscripci\u00f3n, que te permitir\u00e1 adherirte a este servicio:<\/span><\/p><ul><li><span style=\"color: #1e1666;\"><strong>Adherirse a Abono Mensual:<\/strong> (<span style=\"color: #0000ff;\"><a style=\"color: #0000ff;\" href=\"https:\/\/www.mercadopago.com\/mla\/debits\/new?preapproval_plan_id=2c93808475ee9ec901761fe05a507b5d\" target=\"_blank\" rel=\"noopener\">Click aqu\u00ed<\/a><\/span>)<\/span><\/li><li><span style=\"color: #1e1666;\"><strong>Adherirse a Abono Trimestral:<\/strong> <span style=\"color: #0000ff;\">(<a style=\"color: #0000ff;\" href=\"https:\/\/www.mercadopago.com.ar\/subscriptions\/checkout?preapproval_plan_id=2c93808482abdc200182b068c65901ae\" target=\"_blank\" rel=\"noopener\">Click aqu\u00ed<\/a><\/span>)<\/span><\/li><li><span style=\"color: #1e1666;\"><strong>Adherirse a Abono Semestral:<\/strong> (<span style=\"color: #0000ff;\"><a style=\"color: #0000ff;\" href=\"https:\/\/www.mercadopago.com.ar\/subscriptions\/checkout?preapproval_plan_id=2c93808482abdd160182b06a765b01a5\" target=\"_blank\" rel=\"noopener\">Click aqu\u00ed<\/a><\/span>)<\/span><\/li><li><span style=\"color: #1e1666;\"><strong>Adherirse a Abono Anual:<\/strong> (<span style=\"color: #0000ff;\"><a style=\"color: #0000ff;\" href=\"https:\/\/www.mercadopago.com.ar\/subscriptions\/checkout?preapproval_plan_id=2c93808482abdc200182b06bf07901af\" target=\"_blank\" rel=\"noopener\">Click aqu\u00ed<\/a><\/span>)<\/span><\/li><\/ul><p><span style=\"color: #1e1666;\">Este servicio es brindado por <b>&#8220;Mercado Pago&#8221;<\/b>, que es nuestra plataforma de Pago On Line.<\/span><\/p>\t\t\t\t\t\t\t\t<\/div>\n\t\t\t\t<\/div>\n\t\t\t\t\t<\/div>\n\t\t<\/div>\n\t\t\t\t\t<\/div>\n\t\t<\/section>\n\t\t\t\t<\/div>\n\t\t","protected":false},"excerpt":{"rendered":"<p>Adhesi\u00f3n a D\u00e9bito Autom\u00e1tico \u00a1Basta de perder tiempo en tr\u00e1mites de pago, te simplificamos las cosas! Es posible abonar nuestros servicios, a trav\u00e9s de d\u00e9bito autom\u00e1tico en Tarjeta de Cr\u00e9dito. Esto te evitar\u00e1 la tediosa tarea de tener que hacer el tr\u00e1mite de pago personalmente todos los meses. El tr\u00e1mite de adhesi\u00f3n al servicio es [&hellip;]<\/p>\n","protected":false},"author":1,"featured_media":0,"parent":0,"menu_order":0,"comment_status":"closed","ping_status":"closed","template":"elementor_header_footer","meta":{"content-type":"","footnotes":""},"class_list":["post-12654","page","type-page","status-publish","hentry"],"yoast_head":"<!-- This site is optimized with the Yoast SEO Premium plugin v27.3 (Yoast SEO v27.3) - https:\/\/yoast.com\/product\/yoast-seo-premium-wordpress\/ -->\n<title>Adhesi\u00f3n a Debito Autom\u00e1tico - Integrando Salud<\/title>\n<meta name=\"description\" content=\"Es posible abonar nuestros servicios, a trav\u00e9s de d\u00e9bito autom\u00e1tico en Tarjeta de Cr\u00e9dito\" \/>\n<meta name=\"robots\" content=\"index, follow, max-snippet:-1, max-image-preview:large, max-video-preview:-1\" \/>\n<link rel=\"canonical\" href=\"https:\/\/integrandosalud.com\/home\/adhesion-a-debito-automatico\/\" \/>\n<meta property=\"og:locale\" content=\"es_ES\" \/>\n<meta property=\"og:type\" content=\"article\" \/>\n<meta property=\"og:title\" content=\"Adhesi\u00f3n a Debito Autom\u00e1tico\" \/>\n<meta property=\"og:description\" content=\"Aprovecha la comodidad del d\u00e9bito autom\u00e1tico y olv\u00eddate de los pagos mensuales. Adhi\u00e9rete hoy y paga sin complicaciones.\" \/>\n<meta property=\"og:url\" content=\"https:\/\/integrandosalud.com\/home\/adhesion-a-debito-automatico\/\" \/>\n<meta property=\"og:site_name\" content=\"Integrando Salud\" \/>\n<meta property=\"article:publisher\" content=\"https:\/\/www.facebook.com\/hce.integrandosalud\" \/>\n<meta property=\"article:modified_time\" content=\"2025-04-24T20:12:23+00:00\" \/>\n<meta property=\"og:image\" content=\"https:\/\/integrandosalud.com\/home\/wp-content\/uploads\/2025\/03\/his.jpg\" \/>\n\t<meta property=\"og:image:width\" content=\"664\" \/>\n\t<meta property=\"og:image:height\" content=\"665\" \/>\n\t<meta property=\"og:image:type\" content=\"image\/jpeg\" \/>\n<meta name=\"twitter:card\" content=\"summary_large_image\" \/>\n<meta name=\"twitter:site\" content=\"@integrandosalud\" \/>\n<meta name=\"twitter:label1\" content=\"Tiempo de lectura\" \/>\n\t<meta name=\"twitter:data1\" content=\"1 minuto\" \/>\n<script type=\"application\/ld+json\" class=\"yoast-schema-graph\">{\"@context\":\"https:\\\/\\\/schema.org\",\"@graph\":[{\"@type\":\"WebPage\",\"@id\":\"https:\\\/\\\/integrandosalud.com\\\/home\\\/adhesion-a-debito-automatico\\\/\",\"url\":\"https:\\\/\\\/integrandosalud.com\\\/home\\\/adhesion-a-debito-automatico\\\/\",\"name\":\"Adhesi\u00f3n a Debito Autom\u00e1tico - Integrando Salud\",\"isPartOf\":{\"@id\":\"https:\\\/\\\/integrandosalud.com\\\/home\\\/#website\"},\"datePublished\":\"2024-11-04T19:05:56+00:00\",\"dateModified\":\"2025-04-24T20:12:23+00:00\",\"description\":\"Es posible abonar nuestros servicios, a trav\u00e9s de d\u00e9bito autom\u00e1tico en Tarjeta de Cr\u00e9dito\",\"breadcrumb\":{\"@id\":\"https:\\\/\\\/integrandosalud.com\\\/home\\\/adhesion-a-debito-automatico\\\/#breadcrumb\"},\"inLanguage\":\"es\",\"potentialAction\":[{\"@type\":\"ReadAction\",\"target\":[\"https:\\\/\\\/integrandosalud.com\\\/home\\\/adhesion-a-debito-automatico\\\/\"]}]},{\"@type\":\"BreadcrumbList\",\"@id\":\"https:\\\/\\\/integrandosalud.com\\\/home\\\/adhesion-a-debito-automatico\\\/#breadcrumb\",\"itemListElement\":[{\"@type\":\"ListItem\",\"position\":1,\"name\":\"Portada\",\"item\":\"https:\\\/\\\/integrandosalud.com\\\/home\\\/\"},{\"@type\":\"ListItem\",\"position\":2,\"name\":\"Adhesi\u00f3n a Debito Autom\u00e1tico\"}]},{\"@type\":\"WebSite\",\"@id\":\"https:\\\/\\\/integrandosalud.com\\\/home\\\/#website\",\"url\":\"https:\\\/\\\/integrandosalud.com\\\/home\\\/\",\"name\":\"Integrando Salud\",\"description\":\"Sistema integral de gesti\u00f3n hospitalaria, cl\u00ednicas y consultorios. HIS \\\/ HCE \\\/ ERP. Telemedicina. Administraci\u00f3n. Contabilidad. Portal del Paciente.\",\"publisher\":{\"@id\":\"https:\\\/\\\/integrandosalud.com\\\/home\\\/#organization\"},\"potentialAction\":[{\"@type\":\"SearchAction\",\"target\":{\"@type\":\"EntryPoint\",\"urlTemplate\":\"https:\\\/\\\/integrandosalud.com\\\/home\\\/?s={search_term_string}\"},\"query-input\":{\"@type\":\"PropertyValueSpecification\",\"valueRequired\":true,\"valueName\":\"search_term_string\"}}],\"inLanguage\":\"es\"},{\"@type\":\"Organization\",\"@id\":\"https:\\\/\\\/integrandosalud.com\\\/home\\\/#organization\",\"name\":\"Integrando Salud\",\"alternateName\":\"30715831305\",\"url\":\"https:\\\/\\\/integrandosalud.com\\\/home\\\/\",\"logo\":{\"@type\":\"ImageObject\",\"inLanguage\":\"es\",\"@id\":\"https:\\\/\\\/integrandosalud.com\\\/home\\\/#\\\/schema\\\/logo\\\/image\\\/\",\"url\":\"https:\\\/\\\/integrandosalud.com\\\/home\\\/wp-content\\\/uploads\\\/2025\\\/03\\\/cropped-Marca-Integrand-iso.png\",\"contentUrl\":\"https:\\\/\\\/integrandosalud.com\\\/home\\\/wp-content\\\/uploads\\\/2025\\\/03\\\/cropped-Marca-Integrand-iso.png\",\"width\":512,\"height\":512,\"caption\":\"Integrando Salud\"},\"image\":{\"@id\":\"https:\\\/\\\/integrandosalud.com\\\/home\\\/#\\\/schema\\\/logo\\\/image\\\/\"},\"sameAs\":[\"https:\\\/\\\/www.facebook.com\\\/hce.integrandosalud\",\"https:\\\/\\\/x.com\\\/integrandosalud\",\"https:\\\/\\\/www.instagram.com\\\/integrandosalud\\\/\",\"https:\\\/\\\/www.linkedin.com\\\/company\\\/integrandosalud\\\/\"],\"description\":\"Integrando Salud es el primer software m\u00e9dico que brinda a los profesionales de la salud un seguimiento de sus pacientes de 360\u00ba, sin necesidad de cambiar de aplicaci\u00f3n.\",\"email\":\"info@integrandosalud.com\",\"telephone\":\"+5491161148794\",\"foundingDate\":\"2010-10-20\"}]}<\/script>\n<!-- \/ Yoast SEO Premium plugin. -->","yoast_head_json":{"title":"Adhesi\u00f3n a Debito Autom\u00e1tico - Integrando Salud","description":"Es posible abonar nuestros servicios, a trav\u00e9s de d\u00e9bito autom\u00e1tico en Tarjeta de Cr\u00e9dito","robots":{"index":"index","follow":"follow","max-snippet":"max-snippet:-1","max-image-preview":"max-image-preview:large","max-video-preview":"max-video-preview:-1"},"canonical":"https:\/\/integrandosalud.com\/home\/adhesion-a-debito-automatico\/","og_locale":"es_ES","og_type":"article","og_title":"Adhesi\u00f3n a Debito Autom\u00e1tico","og_description":"Aprovecha la comodidad del d\u00e9bito autom\u00e1tico y olv\u00eddate de los pagos mensuales. Adhi\u00e9rete hoy y paga sin complicaciones.","og_url":"https:\/\/integrandosalud.com\/home\/adhesion-a-debito-automatico\/","og_site_name":"Integrando Salud","article_publisher":"https:\/\/www.facebook.com\/hce.integrandosalud","article_modified_time":"2025-04-24T20:12:23+00:00","og_image":[{"width":664,"height":665,"url":"https:\/\/integrandosalud.com\/home\/wp-content\/uploads\/2025\/03\/his.jpg","type":"image\/jpeg"}],"twitter_card":"summary_large_image","twitter_site":"@integrandosalud","twitter_misc":{"Tiempo de lectura":"1 minuto"},"schema":{"@context":"https:\/\/schema.org","@graph":[{"@type":"WebPage","@id":"https:\/\/integrandosalud.com\/home\/adhesion-a-debito-automatico\/","url":"https:\/\/integrandosalud.com\/home\/adhesion-a-debito-automatico\/","name":"Adhesi\u00f3n a Debito Autom\u00e1tico - Integrando Salud","isPartOf":{"@id":"https:\/\/integrandosalud.com\/home\/#website"},"datePublished":"2024-11-04T19:05:56+00:00","dateModified":"2025-04-24T20:12:23+00:00","description":"Es posible abonar nuestros servicios, a trav\u00e9s de d\u00e9bito autom\u00e1tico en Tarjeta de Cr\u00e9dito","breadcrumb":{"@id":"https:\/\/integrandosalud.com\/home\/adhesion-a-debito-automatico\/#breadcrumb"},"inLanguage":"es","potentialAction":[{"@type":"ReadAction","target":["https:\/\/integrandosalud.com\/home\/adhesion-a-debito-automatico\/"]}]},{"@type":"BreadcrumbList","@id":"https:\/\/integrandosalud.com\/home\/adhesion-a-debito-automatico\/#breadcrumb","itemListElement":[{"@type":"ListItem","position":1,"name":"Portada","item":"https:\/\/integrandosalud.com\/home\/"},{"@type":"ListItem","position":2,"name":"Adhesi\u00f3n a Debito Autom\u00e1tico"}]},{"@type":"WebSite","@id":"https:\/\/integrandosalud.com\/home\/#website","url":"https:\/\/integrandosalud.com\/home\/","name":"Integrando Salud","description":"Sistema integral de gesti\u00f3n hospitalaria, cl\u00ednicas y consultorios. HIS \/ HCE \/ ERP. Telemedicina. Administraci\u00f3n. Contabilidad. Portal del Paciente.","publisher":{"@id":"https:\/\/integrandosalud.com\/home\/#organization"},"potentialAction":[{"@type":"SearchAction","target":{"@type":"EntryPoint","urlTemplate":"https:\/\/integrandosalud.com\/home\/?s={search_term_string}"},"query-input":{"@type":"PropertyValueSpecification","valueRequired":true,"valueName":"search_term_string"}}],"inLanguage":"es"},{"@type":"Organization","@id":"https:\/\/integrandosalud.com\/home\/#organization","name":"Integrando Salud","alternateName":"30715831305","url":"https:\/\/integrandosalud.com\/home\/","logo":{"@type":"ImageObject","inLanguage":"es","@id":"https:\/\/integrandosalud.com\/home\/#\/schema\/logo\/image\/","url":"https:\/\/integrandosalud.com\/home\/wp-content\/uploads\/2025\/03\/cropped-Marca-Integrand-iso.png","contentUrl":"https:\/\/integrandosalud.com\/home\/wp-content\/uploads\/2025\/03\/cropped-Marca-Integrand-iso.png","width":512,"height":512,"caption":"Integrando Salud"},"image":{"@id":"https:\/\/integrandosalud.com\/home\/#\/schema\/logo\/image\/"},"sameAs":["https:\/\/www.facebook.com\/hce.integrandosalud","https:\/\/x.com\/integrandosalud","https:\/\/www.instagram.com\/integrandosalud\/","https:\/\/www.linkedin.com\/company\/integrandosalud\/"],"description":"Integrando Salud es el primer software m\u00e9dico que brinda a los profesionales de la salud un seguimiento de sus pacientes de 360\u00ba, sin necesidad de cambiar de aplicaci\u00f3n.","email":"info@integrandosalud.com","telephone":"+5491161148794","foundingDate":"2010-10-20"}]}},"_links":{"self":[{"href":"https:\/\/integrandosalud.com\/home\/wp-json\/wp\/v2\/pages\/12654","targetHints":{"allow":["GET"]}}],"collection":[{"href":"https:\/\/integrandosalud.com\/home\/wp-json\/wp\/v2\/pages"}],"about":[{"href":"https:\/\/integrandosalud.com\/home\/wp-json\/wp\/v2\/types\/page"}],"author":[{"embeddable":true,"href":"https:\/\/integrandosalud.com\/home\/wp-json\/wp\/v2\/users\/1"}],"replies":[{"embeddable":true,"href":"https:\/\/integrandosalud.com\/home\/wp-json\/wp\/v2\/comments?post=12654"}],"version-history":[{"count":1,"href":"https:\/\/integrandosalud.com\/home\/wp-json\/wp\/v2\/pages\/12654\/revisions"}],"predecessor-version":[{"id":23364,"href":"https:\/\/integrandosalud.com\/home\/wp-json\/wp\/v2\/pages\/12654\/revisions\/23364"}],"wp:attachment":[{"href":"https:\/\/integrandosalud.com\/home\/wp-json\/wp\/v2\/media?parent=12654"}],"curies":[{"name":"wp","href":"https:\/\/api.w.org\/{rel}","templated":true}]}}