{"id":12105,"date":"2022-08-25T14:41:39","date_gmt":"2022-08-25T17:41:39","guid":{"rendered":"https:\/\/www.integrandosalud.com.ar\/es-ar\/politicas-de-seguridad\/"},"modified":"2025-12-15T11:05:30","modified_gmt":"2025-12-15T14:05:30","slug":"politicas-de-seguridad","status":"publish","type":"page","link":"https:\/\/integrandosalud.com\/home\/politicas-de-seguridad\/","title":{"rendered":"Pol\u00edticas de Seguridad"},"content":{"rendered":"\t\t<div data-elementor-type=\"wp-page\" data-elementor-id=\"12105\" class=\"elementor elementor-12105\" data-elementor-post-type=\"page\">\n\t\t\t\t\t\t<section class=\"elementor-section elementor-top-section elementor-element elementor-element-e7b4154 elementor-section-full_width elementor-section-height-default elementor-section-height-default\" data-id=\"e7b4154\" data-element_type=\"section\" data-e-type=\"section\">\n\t\t\t\t\t\t<div class=\"elementor-container elementor-column-gap-default\">\n\t\t\t\t\t<div class=\"elementor-column elementor-col-100 elementor-top-column elementor-element elementor-element-46ffe08\" data-id=\"46ffe08\" data-element_type=\"column\" data-e-type=\"column\">\n\t\t\t<div class=\"elementor-widget-wrap elementor-element-populated\">\n\t\t\t\t\t\t<div class=\"elementor-element elementor-element-562621d elementor-widget-mobile__width-inherit elementor-widget elementor-widget-heading\" data-id=\"562621d\" data-element_type=\"widget\" data-e-type=\"widget\" data-widget_type=\"heading.default\">\n\t\t\t\t<div class=\"elementor-widget-container\">\n\t\t\t\t\t<h2 class=\"elementor-heading-title elementor-size-default\">Pol\u00edticas de Seguridad<\/h2>\t\t\t\t<\/div>\n\t\t\t\t<\/div>\n\t\t\t\t\t<\/div>\n\t\t<\/div>\n\t\t\t\t\t<\/div>\n\t\t<\/section>\n\t\t\t\t<section class=\"elementor-section elementor-top-section elementor-element elementor-element-4f558b9 elementor-section-boxed elementor-section-height-default elementor-section-height-default\" data-id=\"4f558b9\" data-element_type=\"section\" data-e-type=\"section\">\n\t\t\t\t\t\t<div class=\"elementor-container elementor-column-gap-default\">\n\t\t\t\t\t<div class=\"elementor-column elementor-col-100 elementor-top-column elementor-element elementor-element-d3d8b17\" data-id=\"d3d8b17\" data-element_type=\"column\" data-e-type=\"column\">\n\t\t\t<div class=\"elementor-widget-wrap elementor-element-populated\">\n\t\t\t\t\t\t<div class=\"elementor-element elementor-element-91232ca elementor-widget elementor-widget-text-editor\" data-id=\"91232ca\" data-element_type=\"widget\" data-e-type=\"widget\" data-widget_type=\"text-editor.default\">\n\t\t\t\t<div class=\"elementor-widget-container\">\n\t\t\t\t\t\t\t\t\t<h4><span style=\"color: #1e1666;\"><strong>Compromiso de Integrando Salud<br \/><\/strong><\/span><\/h4><p><span style=\"color: #1e1666;\"><em>Integrando Salud<\/em>\u00a0fue sido dise\u00f1ado desde su inicio considerando la Seguridad como uno de sus pilares principales. Nuestra empresa est\u00e1 comprometida en aplicar las mejores pr\u00e1cticas del mercado y tomar las medidas necesarias para proteger y salvaguardar la informaci\u00f3n de nuestros usuarios.<\/span><\/p><h4><span style=\"color: #1e1666;\"><strong>Seguridad en el almacenamiento de los datos<\/strong><\/span><\/h4><p><span style=\"color: #1e1666;\">Los datos se encuentran en un \u201cdata-center\u201d seguro. La infraestructura cuenta con la \u00faltima tecnolog\u00eda en seguridad y redundancia. El acceso f\u00edsico es restringido por medio de lectores biom\u00e9tricos. Cuenta con c\u00e1maras de seguridad, sensores de proximidad y movimiento, ventanas a prueba de balas, generadores diesel, UPS, detectores de incendios, dispositivos secos para suprimir el fuego, temperatura controlada, piso elevado, entre otros.<\/span><\/p><h4><span style=\"color: #1e1666;\"><strong>Seguridad en la transmisi\u00f3n de la informaci\u00f3n (Certificado SSL 128\/256 Bits)<\/strong><\/span><\/h4><p><span style=\"color: #1e1666;\"><em>Integrando Salud<\/em>\u00a0cuenta con un certificado SSL (Secure Socket Layer) de 128\/256 bits, el cual permite encriptar la informaci\u00f3n que viaja entre el navegador del Usuario y el servidor de\u00a0<em>Integrando Salud<\/em>. Todos los formularios que muestran o solicitan informaci\u00f3n confidencial, utilizan una conexi\u00f3n SSL (https).<\/span><\/p><h4><span style=\"color: #1e1666;\"><strong>Clave de acceso<br \/><\/strong><\/span><\/h4><p><span style=\"color: #1e1666;\">La clave de acceso, junto con la cuenta de Usuario, son la llave para ingresar al sistema. El Usuario puede actualizar su clave en el momento en que lo desee y las veces que requiera.\u00a0<em>Integrando Salud<\/em>\u00a0refuerza en sus p\u00e1ginas las mejores pr\u00e1cticas para la utilizaci\u00f3n y confecci\u00f3n de una clave segura. Sin embargo, es total responsabilidad del Usuario proteger su clave de acceso.\u00a0<em>Integrando Salud<\/em>\u00a0no se hace responsable por las consecuencias que puede sufrir el usuario a causa de un mal manejo y administraci\u00f3n de su clave de acceso.<\/span><\/p><h4><span style=\"color: #1e1666;\"><strong>Sellos de confianza<\/strong><\/span><\/h4><p><span style=\"color: #1e1666;\"><em>Integrando Salud<\/em>\u00a0posee herramientas web que est\u00e1n monitoreando constantemente la seguridad y la performance de sus servicios.<\/span><\/p>\t\t\t\t\t\t\t\t<\/div>\n\t\t\t\t<\/div>\n\t\t\t\t\t<\/div>\n\t\t<\/div>\n\t\t\t\t\t<\/div>\n\t\t<\/section>\n\t\t\t\t<\/div>\n\t\t","protected":false},"excerpt":{"rendered":"<p>Pol\u00edticas de Seguridad Compromiso de Integrando Salud Integrando Salud\u00a0fue sido dise\u00f1ado desde su inicio considerando la Seguridad como uno de sus pilares principales. Nuestra empresa est\u00e1 comprometida en aplicar las mejores pr\u00e1cticas del mercado y tomar las medidas necesarias para proteger y salvaguardar la informaci\u00f3n de nuestros usuarios. Seguridad en el almacenamiento de los datos [&hellip;]<\/p>\n","protected":false},"author":1,"featured_media":0,"parent":0,"menu_order":0,"comment_status":"closed","ping_status":"closed","template":"","meta":{"content-type":"","footnotes":""},"class_list":["post-12105","page","type-page","status-publish","hentry"],"yoast_head":"<!-- This site is optimized with the Yoast SEO plugin v27.5 - https:\/\/yoast.com\/product\/yoast-seo-wordpress\/ -->\n<title>Pol\u00edticas de Seguridad - Integrando Salud Argentina<\/title>\n<meta name=\"description\" content=\"Pol\u00edticas de Seguridad - Integrando Salud Argentina\" \/>\n<meta name=\"robots\" content=\"index, follow, max-snippet:-1, max-image-preview:large, max-video-preview:-1\" \/>\n<link rel=\"canonical\" href=\"https:\/\/integrandosalud.com\/home\/politicas-de-seguridad\/\" \/>\n<meta property=\"og:locale\" content=\"es_ES\" \/>\n<meta property=\"og:type\" content=\"article\" \/>\n<meta property=\"og:title\" content=\"Pol\u00edticas de Seguridad - Integrando Salud Argentina\" \/>\n<meta property=\"og:description\" content=\"Pol\u00edticas de Seguridad - Integrando Salud Argentina\" \/>\n<meta property=\"og:url\" content=\"https:\/\/integrandosalud.com\/home\/politicas-de-seguridad\/\" \/>\n<meta property=\"og:site_name\" content=\"Integrando Salud\" \/>\n<meta property=\"article:publisher\" content=\"https:\/\/www.facebook.com\/hce.integrandosalud\" \/>\n<meta property=\"article:modified_time\" content=\"2025-12-15T14:05:30+00:00\" \/>\n<meta property=\"og:image\" content=\"https:\/\/www.integrandosalud.com\/es-ar\/wp-content\/uploads\/sites\/2\/2022\/09\/logo_color_199x199.png\" \/>\n<meta name=\"twitter:card\" content=\"summary_large_image\" \/>\n<meta name=\"twitter:image\" content=\"https:\/\/www.integrandosalud.com\/es-ar\/wp-content\/uploads\/sites\/2\/2022\/09\/logo_color_199x199.png\" \/>\n<meta name=\"twitter:site\" content=\"@integrandosalud\" \/>\n<meta name=\"twitter:label1\" content=\"Tiempo de lectura\" \/>\n\t<meta name=\"twitter:data1\" content=\"2 minutos\" \/>\n<script type=\"application\/ld+json\" class=\"yoast-schema-graph\">{\"@context\":\"https:\\\/\\\/schema.org\",\"@graph\":[{\"@type\":\"WebPage\",\"@id\":\"https:\\\/\\\/integrandosalud.com\\\/home\\\/politicas-de-seguridad\\\/\",\"url\":\"https:\\\/\\\/integrandosalud.com\\\/home\\\/politicas-de-seguridad\\\/\",\"name\":\"Pol\u00edticas de Seguridad - Integrando Salud Argentina\",\"isPartOf\":{\"@id\":\"https:\\\/\\\/integrandosalud.com\\\/home\\\/#website\"},\"datePublished\":\"2022-08-25T17:41:39+00:00\",\"dateModified\":\"2025-12-15T14:05:30+00:00\",\"description\":\"Pol\u00edticas de Seguridad - Integrando Salud Argentina\",\"breadcrumb\":{\"@id\":\"https:\\\/\\\/integrandosalud.com\\\/home\\\/politicas-de-seguridad\\\/#breadcrumb\"},\"inLanguage\":\"es\",\"potentialAction\":[{\"@type\":\"ReadAction\",\"target\":[\"https:\\\/\\\/integrandosalud.com\\\/home\\\/politicas-de-seguridad\\\/\"]}]},{\"@type\":\"BreadcrumbList\",\"@id\":\"https:\\\/\\\/integrandosalud.com\\\/home\\\/politicas-de-seguridad\\\/#breadcrumb\",\"itemListElement\":[{\"@type\":\"ListItem\",\"position\":1,\"name\":\"Portada\",\"item\":\"https:\\\/\\\/integrandosalud.com\\\/home\\\/\"},{\"@type\":\"ListItem\",\"position\":2,\"name\":\"Pol\u00edticas de Seguridad\"}]},{\"@type\":\"WebSite\",\"@id\":\"https:\\\/\\\/integrandosalud.com\\\/home\\\/#website\",\"url\":\"https:\\\/\\\/integrandosalud.com\\\/home\\\/\",\"name\":\"Integrando Salud\",\"description\":\"Sistema integral de gesti\u00f3n hospitalaria, cl\u00ednicas y consultorios. HIS \\\/ HCE \\\/ ERP. Telemedicina. Administraci\u00f3n. Contabilidad. Portal del Paciente.\",\"publisher\":{\"@id\":\"https:\\\/\\\/integrandosalud.com\\\/home\\\/#organization\"},\"potentialAction\":[{\"@type\":\"SearchAction\",\"target\":{\"@type\":\"EntryPoint\",\"urlTemplate\":\"https:\\\/\\\/integrandosalud.com\\\/home\\\/?s={search_term_string}\"},\"query-input\":{\"@type\":\"PropertyValueSpecification\",\"valueRequired\":true,\"valueName\":\"search_term_string\"}}],\"inLanguage\":\"es\"},{\"@type\":\"Organization\",\"@id\":\"https:\\\/\\\/integrandosalud.com\\\/home\\\/#organization\",\"name\":\"Integrando Salud\",\"alternateName\":\"IS\",\"url\":\"https:\\\/\\\/integrandosalud.com\\\/home\\\/\",\"logo\":{\"@type\":\"ImageObject\",\"inLanguage\":\"es\",\"@id\":\"https:\\\/\\\/integrandosalud.com\\\/home\\\/#\\\/schema\\\/logo\\\/image\\\/\",\"url\":\"https:\\\/\\\/integrandosalud.com\\\/home\\\/wp-content\\\/uploads\\\/2025\\\/03\\\/cropped-Marca-Integrand-iso.png\",\"contentUrl\":\"https:\\\/\\\/integrandosalud.com\\\/home\\\/wp-content\\\/uploads\\\/2025\\\/03\\\/cropped-Marca-Integrand-iso.png\",\"width\":512,\"height\":512,\"caption\":\"Integrando Salud\"},\"image\":{\"@id\":\"https:\\\/\\\/integrandosalud.com\\\/home\\\/#\\\/schema\\\/logo\\\/image\\\/\"},\"sameAs\":[\"https:\\\/\\\/www.facebook.com\\\/hce.integrandosalud\",\"https:\\\/\\\/x.com\\\/integrandosalud\",\"https:\\\/\\\/www.instagram.com\\\/integrandosalud\\\/\",\"https:\\\/\\\/www.linkedin.com\\\/company\\\/integrandosalud\\\/\"]}]}<\/script>\n<!-- \/ Yoast SEO plugin. -->","yoast_head_json":{"title":"Pol\u00edticas de Seguridad - Integrando Salud Argentina","description":"Pol\u00edticas de Seguridad - Integrando Salud Argentina","robots":{"index":"index","follow":"follow","max-snippet":"max-snippet:-1","max-image-preview":"max-image-preview:large","max-video-preview":"max-video-preview:-1"},"canonical":"https:\/\/integrandosalud.com\/home\/politicas-de-seguridad\/","og_locale":"es_ES","og_type":"article","og_title":"Pol\u00edticas de Seguridad - Integrando Salud Argentina","og_description":"Pol\u00edticas de Seguridad - Integrando Salud Argentina","og_url":"https:\/\/integrandosalud.com\/home\/politicas-de-seguridad\/","og_site_name":"Integrando Salud","article_publisher":"https:\/\/www.facebook.com\/hce.integrandosalud","article_modified_time":"2025-12-15T14:05:30+00:00","og_image":[{"url":"https:\/\/www.integrandosalud.com\/es-ar\/wp-content\/uploads\/sites\/2\/2022\/09\/logo_color_199x199.png","type":"","width":"","height":""}],"twitter_card":"summary_large_image","twitter_image":"https:\/\/www.integrandosalud.com\/es-ar\/wp-content\/uploads\/sites\/2\/2022\/09\/logo_color_199x199.png","twitter_site":"@integrandosalud","twitter_misc":{"Tiempo de lectura":"2 minutos"},"schema":{"@context":"https:\/\/schema.org","@graph":[{"@type":"WebPage","@id":"https:\/\/integrandosalud.com\/home\/politicas-de-seguridad\/","url":"https:\/\/integrandosalud.com\/home\/politicas-de-seguridad\/","name":"Pol\u00edticas de Seguridad - Integrando Salud Argentina","isPartOf":{"@id":"https:\/\/integrandosalud.com\/home\/#website"},"datePublished":"2022-08-25T17:41:39+00:00","dateModified":"2025-12-15T14:05:30+00:00","description":"Pol\u00edticas de Seguridad - Integrando Salud Argentina","breadcrumb":{"@id":"https:\/\/integrandosalud.com\/home\/politicas-de-seguridad\/#breadcrumb"},"inLanguage":"es","potentialAction":[{"@type":"ReadAction","target":["https:\/\/integrandosalud.com\/home\/politicas-de-seguridad\/"]}]},{"@type":"BreadcrumbList","@id":"https:\/\/integrandosalud.com\/home\/politicas-de-seguridad\/#breadcrumb","itemListElement":[{"@type":"ListItem","position":1,"name":"Portada","item":"https:\/\/integrandosalud.com\/home\/"},{"@type":"ListItem","position":2,"name":"Pol\u00edticas de Seguridad"}]},{"@type":"WebSite","@id":"https:\/\/integrandosalud.com\/home\/#website","url":"https:\/\/integrandosalud.com\/home\/","name":"Integrando Salud","description":"Sistema integral de gesti\u00f3n hospitalaria, cl\u00ednicas y consultorios. HIS \/ HCE \/ ERP. Telemedicina. Administraci\u00f3n. Contabilidad. Portal del Paciente.","publisher":{"@id":"https:\/\/integrandosalud.com\/home\/#organization"},"potentialAction":[{"@type":"SearchAction","target":{"@type":"EntryPoint","urlTemplate":"https:\/\/integrandosalud.com\/home\/?s={search_term_string}"},"query-input":{"@type":"PropertyValueSpecification","valueRequired":true,"valueName":"search_term_string"}}],"inLanguage":"es"},{"@type":"Organization","@id":"https:\/\/integrandosalud.com\/home\/#organization","name":"Integrando Salud","alternateName":"IS","url":"https:\/\/integrandosalud.com\/home\/","logo":{"@type":"ImageObject","inLanguage":"es","@id":"https:\/\/integrandosalud.com\/home\/#\/schema\/logo\/image\/","url":"https:\/\/integrandosalud.com\/home\/wp-content\/uploads\/2025\/03\/cropped-Marca-Integrand-iso.png","contentUrl":"https:\/\/integrandosalud.com\/home\/wp-content\/uploads\/2025\/03\/cropped-Marca-Integrand-iso.png","width":512,"height":512,"caption":"Integrando Salud"},"image":{"@id":"https:\/\/integrandosalud.com\/home\/#\/schema\/logo\/image\/"},"sameAs":["https:\/\/www.facebook.com\/hce.integrandosalud","https:\/\/x.com\/integrandosalud","https:\/\/www.instagram.com\/integrandosalud\/","https:\/\/www.linkedin.com\/company\/integrandosalud\/"]}]}},"_links":{"self":[{"href":"https:\/\/integrandosalud.com\/home\/wp-json\/wp\/v2\/pages\/12105","targetHints":{"allow":["GET"]}}],"collection":[{"href":"https:\/\/integrandosalud.com\/home\/wp-json\/wp\/v2\/pages"}],"about":[{"href":"https:\/\/integrandosalud.com\/home\/wp-json\/wp\/v2\/types\/page"}],"author":[{"embeddable":true,"href":"https:\/\/integrandosalud.com\/home\/wp-json\/wp\/v2\/users\/1"}],"replies":[{"embeddable":true,"href":"https:\/\/integrandosalud.com\/home\/wp-json\/wp\/v2\/comments?post=12105"}],"version-history":[{"count":0,"href":"https:\/\/integrandosalud.com\/home\/wp-json\/wp\/v2\/pages\/12105\/revisions"}],"wp:attachment":[{"href":"https:\/\/integrandosalud.com\/home\/wp-json\/wp\/v2\/media?parent=12105"}],"curies":[{"name":"wp","href":"https:\/\/api.w.org\/{rel}","templated":true}]}}